{"id":3478,"date":"2025-02-21T18:53:15","date_gmt":"2025-02-21T17:53:15","guid":{"rendered":"https:\/\/www.unys-sciences.fr\/?page_id=3478"},"modified":"2025-09-22T11:44:39","modified_gmt":"2025-09-22T09:44:39","slug":"credits","status":"publish","type":"page","link":"https:\/\/www.unys-sciences.fr\/en\/credits\/","title":{"rendered":"Credits"},"content":{"rendered":"\r\n\r\n\r\n<p>Technical and legal information about the website.<\/p>\r\n\r\n\r\n\r\n<h2 class=\"wp-block-heading\">Publisher<\/h2>\r\n\r\n\r\n\r\n<p>The website, https:\/\/www.univ-lorraine.fr, is the official website of the University of Lorraine and its research partners in the Lorraine region, including AgroParisTech, Nancy University Hospital, CNRS, Georgia Tech Europe, INRAE, INRIA, Incubateur Lorrain, and UL Propuls \u2014 a subsidiary of the University of Lorraine.<\/p>\r\n<h2>Head Office<\/h2>\r\n<p>Company Name: University of Lorraine Legal form: Public scientific, cultural, and professional institution created as a grand \u00e9tablissement (large institution). Head office: 34 Cours L\u00e9opold, 54000 Nancy Phone number: +33 (0)3 72 74 00 00 SIRET number: 13001550600012<\/p>\r\n<h2>Legal representative<\/h2>\r\n<p>H\u00e9l\u00e8ne Boulanger, President of the University of Lorraine Director of Publication: H\u00e9l\u00e8ne Boulanger, President of the University of Lorraine<\/p>\r\n<h2>Web editorial committee<\/h2>\r\n<p>The Communications Department of the University of Lorraine and the communications departments of the research partners of the Lorraine site (AgroParisTech, Nancy University Hospital, CNRS, Georgia Tech Europe, INRAE, INRIA, Incubateur Lorrain, and UL Propuls\u2014a subsidiary of the University of Lorraine).<\/p>\r\n<h2>Content design, organization, and editing<\/h2>\r\n<p>Communications Department of the University of Lorraine and communications departments of the research partners of the Lorraine site (AgroParisTech, Nancy University Hospital, CNRS, Georgia Tech Europe, INRAE, Inria, Incubateur Lorrain, and UL Propuls \u2014 a subsidiary of the University of Lorraine).<\/p>\r\n<h2>Graphic design and illustrations (2025)<\/h2>\r\n<p>Communications Department of the University of Lorraine and Agence Madame Monsieur.<\/p>\r\n<h2>Other information<\/h2>\r\n<p>Photo credits: AgroParisTech, University Hospital of Nancy, CNRS, Georgia Tech Europe, INRAE, INRIA, Inserm, University of Lorraine, Incubateur Lorrain, and UL Propuls \u2014 a subsidiary of the University of Lorraine. Photographer: Nicolas Dohr. Hosting: Digital Department, University of Lorraine. For inquiries, contact us by email at unys-communication@univ-lorraine.fr.<\/p>\r\n\r\n\r\n","protected":false},"excerpt":{"rendered":"<p>Technical and legal information about the website. Publisher The website, https:\/\/www.univ-lorraine.fr, is the official website of the University of Lorraine and its research partners in the Lorraine region, including AgroParisTech, Nancy University Hospital, CNRS, Georgia Tech Europe, INRAE, INRIA, Incubateur Lorrain, and UL Propuls \u2014 a subsidiary of the University of Lorraine. Head Office Company [&hellip;]<\/p>\n","protected":false},"author":2,"featured_media":0,"parent":0,"menu_order":0,"comment_status":"closed","ping_status":"open","template":"","meta":{"_acf_changed":false,"footnotes":""},"class_list":["post-3478","page","type-page","status-publish","hentry"],"acf":[],"yoast_head":"<!-- This site is optimized with the Yoast SEO plugin v27.4 - https:\/\/yoast.com\/product\/yoast-seo-wordpress\/ -->\n<title>Credits - Unys<\/title>\n<meta name=\"robots\" content=\"index, follow, max-snippet:-1, max-image-preview:large, max-video-preview:-1\" \/>\n<link rel=\"canonical\" href=\"https:\/\/www.unys-sciences.fr\/en\/credits\/\" \/>\n<meta property=\"og:locale\" content=\"en_US\" \/>\n<meta property=\"og:type\" content=\"article\" \/>\n<meta property=\"og:title\" content=\"Credits - Unys\" \/>\n<meta property=\"og:description\" content=\"Technical and legal information about the website. Publisher The website, https:\/\/www.univ-lorraine.fr, is the official website of the University of Lorraine and its research partners in the Lorraine region, including AgroParisTech, Nancy University Hospital, CNRS, Georgia Tech Europe, INRAE, INRIA, Incubateur Lorrain, and UL Propuls \u2014 a subsidiary of the University of Lorraine. Head Office Company [&hellip;]\" \/>\n<meta property=\"og:url\" content=\"https:\/\/www.unys-sciences.fr\/en\/credits\/\" \/>\n<meta property=\"og:site_name\" content=\"Unys\" \/>\n<meta property=\"article:modified_time\" content=\"2025-09-22T09:44:39+00:00\" \/>\n<meta name=\"twitter:card\" content=\"summary_large_image\" \/>\n<meta name=\"twitter:label1\" content=\"Est. reading time\" \/>\n\t<meta name=\"twitter:data1\" content=\"2 minutes\" \/>\n<script type=\"application\/ld+json\" class=\"yoast-schema-graph\">{\"@context\":\"https:\\\/\\\/schema.org\",\"@graph\":[{\"@type\":\"WebPage\",\"@id\":\"https:\\\/\\\/www.unys-sciences.fr\\\/en\\\/credits\\\/\",\"url\":\"https:\\\/\\\/www.unys-sciences.fr\\\/en\\\/credits\\\/\",\"name\":\"Credits - Unys\",\"isPartOf\":{\"@id\":\"https:\\\/\\\/www.unys-sciences.fr\\\/en\\\/#website\"},\"datePublished\":\"2025-02-21T17:53:15+00:00\",\"dateModified\":\"2025-09-22T09:44:39+00:00\",\"breadcrumb\":{\"@id\":\"https:\\\/\\\/www.unys-sciences.fr\\\/en\\\/credits\\\/#breadcrumb\"},\"inLanguage\":\"en-US\",\"potentialAction\":[{\"@type\":\"ReadAction\",\"target\":[\"https:\\\/\\\/www.unys-sciences.fr\\\/en\\\/credits\\\/\"]}]},{\"@type\":\"BreadcrumbList\",\"@id\":\"https:\\\/\\\/www.unys-sciences.fr\\\/en\\\/credits\\\/#breadcrumb\",\"itemListElement\":[{\"@type\":\"ListItem\",\"position\":1,\"name\":\"Accueil\",\"item\":\"https:\\\/\\\/www.unys-sciences.fr\\\/en\\\/\"},{\"@type\":\"ListItem\",\"position\":2,\"name\":\"Credits\"}]},{\"@type\":\"WebSite\",\"@id\":\"https:\\\/\\\/www.unys-sciences.fr\\\/en\\\/#website\",\"url\":\"https:\\\/\\\/www.unys-sciences.fr\\\/en\\\/\",\"name\":\"Unys\",\"description\":\"\",\"publisher\":{\"@id\":\"https:\\\/\\\/www.unys-sciences.fr\\\/en\\\/#organization\"},\"potentialAction\":[{\"@type\":\"SearchAction\",\"target\":{\"@type\":\"EntryPoint\",\"urlTemplate\":\"https:\\\/\\\/www.unys-sciences.fr\\\/en\\\/?s={search_term_string}\"},\"query-input\":{\"@type\":\"PropertyValueSpecification\",\"valueRequired\":true,\"valueName\":\"search_term_string\"}}],\"inLanguage\":\"en-US\"},{\"@type\":\"Organization\",\"@id\":\"https:\\\/\\\/www.unys-sciences.fr\\\/en\\\/#organization\",\"name\":\"Unys\",\"url\":\"https:\\\/\\\/www.unys-sciences.fr\\\/en\\\/\",\"logo\":{\"@type\":\"ImageObject\",\"inLanguage\":\"en-US\",\"@id\":\"https:\\\/\\\/www.unys-sciences.fr\\\/en\\\/#\\\/schema\\\/logo\\\/image\\\/\",\"url\":\"\",\"contentUrl\":\"\",\"caption\":\"Unys\"},\"image\":{\"@id\":\"https:\\\/\\\/www.unys-sciences.fr\\\/en\\\/#\\\/schema\\\/logo\\\/image\\\/\"}}]}<\/script>\n<!-- \/ Yoast SEO plugin. -->","yoast_head_json":{"title":"Credits - Unys","robots":{"index":"index","follow":"follow","max-snippet":"max-snippet:-1","max-image-preview":"max-image-preview:large","max-video-preview":"max-video-preview:-1"},"canonical":"https:\/\/www.unys-sciences.fr\/en\/credits\/","og_locale":"en_US","og_type":"article","og_title":"Credits - Unys","og_description":"Technical and legal information about the website. Publisher The website, https:\/\/www.univ-lorraine.fr, is the official website of the University of Lorraine and its research partners in the Lorraine region, including AgroParisTech, Nancy University Hospital, CNRS, Georgia Tech Europe, INRAE, INRIA, Incubateur Lorrain, and UL Propuls \u2014 a subsidiary of the University of Lorraine. Head Office Company [&hellip;]","og_url":"https:\/\/www.unys-sciences.fr\/en\/credits\/","og_site_name":"Unys","article_modified_time":"2025-09-22T09:44:39+00:00","twitter_card":"summary_large_image","twitter_misc":{"Est. reading time":"2 minutes"},"schema":{"@context":"https:\/\/schema.org","@graph":[{"@type":"WebPage","@id":"https:\/\/www.unys-sciences.fr\/en\/credits\/","url":"https:\/\/www.unys-sciences.fr\/en\/credits\/","name":"Credits - Unys","isPartOf":{"@id":"https:\/\/www.unys-sciences.fr\/en\/#website"},"datePublished":"2025-02-21T17:53:15+00:00","dateModified":"2025-09-22T09:44:39+00:00","breadcrumb":{"@id":"https:\/\/www.unys-sciences.fr\/en\/credits\/#breadcrumb"},"inLanguage":"en-US","potentialAction":[{"@type":"ReadAction","target":["https:\/\/www.unys-sciences.fr\/en\/credits\/"]}]},{"@type":"BreadcrumbList","@id":"https:\/\/www.unys-sciences.fr\/en\/credits\/#breadcrumb","itemListElement":[{"@type":"ListItem","position":1,"name":"Accueil","item":"https:\/\/www.unys-sciences.fr\/en\/"},{"@type":"ListItem","position":2,"name":"Credits"}]},{"@type":"WebSite","@id":"https:\/\/www.unys-sciences.fr\/en\/#website","url":"https:\/\/www.unys-sciences.fr\/en\/","name":"Unys","description":"","publisher":{"@id":"https:\/\/www.unys-sciences.fr\/en\/#organization"},"potentialAction":[{"@type":"SearchAction","target":{"@type":"EntryPoint","urlTemplate":"https:\/\/www.unys-sciences.fr\/en\/?s={search_term_string}"},"query-input":{"@type":"PropertyValueSpecification","valueRequired":true,"valueName":"search_term_string"}}],"inLanguage":"en-US"},{"@type":"Organization","@id":"https:\/\/www.unys-sciences.fr\/en\/#organization","name":"Unys","url":"https:\/\/www.unys-sciences.fr\/en\/","logo":{"@type":"ImageObject","inLanguage":"en-US","@id":"https:\/\/www.unys-sciences.fr\/en\/#\/schema\/logo\/image\/","url":"","contentUrl":"","caption":"Unys"},"image":{"@id":"https:\/\/www.unys-sciences.fr\/en\/#\/schema\/logo\/image\/"}}]}},"_links":{"self":[{"href":"https:\/\/www.unys-sciences.fr\/en\/wp-json\/wp\/v2\/pages\/3478","targetHints":{"allow":["GET"]}}],"collection":[{"href":"https:\/\/www.unys-sciences.fr\/en\/wp-json\/wp\/v2\/pages"}],"about":[{"href":"https:\/\/www.unys-sciences.fr\/en\/wp-json\/wp\/v2\/types\/page"}],"author":[{"embeddable":true,"href":"https:\/\/www.unys-sciences.fr\/en\/wp-json\/wp\/v2\/users\/2"}],"replies":[{"embeddable":true,"href":"https:\/\/www.unys-sciences.fr\/en\/wp-json\/wp\/v2\/comments?post=3478"}],"version-history":[{"count":3,"href":"https:\/\/www.unys-sciences.fr\/en\/wp-json\/wp\/v2\/pages\/3478\/revisions"}],"predecessor-version":[{"id":3732,"href":"https:\/\/www.unys-sciences.fr\/en\/wp-json\/wp\/v2\/pages\/3478\/revisions\/3732"}],"wp:attachment":[{"href":"https:\/\/www.unys-sciences.fr\/en\/wp-json\/wp\/v2\/media?parent=3478"}],"curies":[{"name":"wp","href":"https:\/\/api.w.org\/{rel}","templated":true}]}}